{"id":16,"date":"2025-12-13T14:49:01","date_gmt":"2025-12-13T14:49:01","guid":{"rendered":"http:\/\/jensaagepoulsen.dk\/?page_id=16"},"modified":"2026-02-15T10:26:41","modified_gmt":"2026-02-15T10:26:41","slug":"dette-er-en-tilfoejet-side","status":"publish","type":"page","link":"https:\/\/jensaagepoulsen.dk\/index.php\/dette-er-en-tilfoejet-side\/","title":{"rendered":"Undervisningsforl\u00f8b historie"},"content":{"rendered":"\n<p>De fleste forl\u00f8b er udarbejdet sammen med dygtige kolleger fra <a href=\"https:\/\/historielab.dk\/kildebank\/\">HistorieLab<\/a>.<\/p>\n\n\n\n<figure class=\"wp-block-image size-large is-resized\"><img loading=\"lazy\" decoding=\"async\" width=\"1024\" height=\"764\" src=\"https:\/\/jensaagepoulsen.dk\/wp-content\/uploads\/2025\/12\/standard_compressed_ANSK_11044_4334x3233-1024x764.jpg\" alt=\"\" class=\"wp-image-60\" style=\"aspect-ratio:1.3403211605383423;width:311px;height:auto\" srcset=\"https:\/\/jensaagepoulsen.dk\/wp-content\/uploads\/2025\/12\/standard_compressed_ANSK_11044_4334x3233-1024x764.jpg 1024w, https:\/\/jensaagepoulsen.dk\/wp-content\/uploads\/2025\/12\/standard_compressed_ANSK_11044_4334x3233-300x224.jpg 300w, https:\/\/jensaagepoulsen.dk\/wp-content\/uploads\/2025\/12\/standard_compressed_ANSK_11044_4334x3233-768x573.jpg 768w, https:\/\/jensaagepoulsen.dk\/wp-content\/uploads\/2025\/12\/standard_compressed_ANSK_11044_4334x3233.jpg 1200w\" sizes=\"auto, (max-width: 1024px) 100vw, 1024px\" \/><\/figure>\n\n\n\n<ul class=\"wp-block-list\">\n<li><a href=\"https:\/\/historielab.dk\/riget-i-nord\/\">Riget i Nord om Gr\u00f8nland og F\u00e6r\u00f8erne &#8211; kildebank, br\u00e6tspil, dilemmaspil og video<\/a><\/li>\n\n\n\n<li><a href=\"https:\/\/historielab.dk\/holocaust-og-andre-folkedrab\/\">Holocaust og andere folkedrab &#8211; indeholder forskellige materialer om emnet<\/a><\/li>\n\n\n\n<li><a href=\"https:\/\/historielab.dk\/kildekritiske-ovelser\/\">Kildekritiske \u00f8velser<\/a><\/li>\n\n\n\n<li>Kildebank: <a href=\"https:\/\/historielab.dk\/atomfrygten\/\"> Atomfrygten<\/a><\/li>\n\n\n\n<li>Kildebank: <a href=\"https:\/\/historielab.dk\/boerneliv-omkring-aar-1900-1940erne-1960erne-og-nu\/\">B\u00f8rneliv omkring \u00e5r 1900, 1940&#8217;erne, 1960&#8217;erne og nu<\/a><\/li>\n\n\n\n<li>Kildebank:<a href=\"https:\/\/historielab.dk\/de-store-epidemier\/\"> De store epidemier<\/a><\/li>\n\n\n\n<li>Kildebank: <a href=\"https:\/\/www.ucviden.dk\/da\/publications\/kildebankemne-slaveriet-og-vestindien\/\">Slaveriet og Vestindien<\/a><\/li>\n\n\n\n<li>Kildebank:<a href=\"https:\/\/historielab.dk\/kaerlighed-koen-og-seksualitet\/\"> K\u00e6rlighed, K\u00f8n og Seksualitet<\/a><\/li>\n\n\n\n<li>Kildebank: <a href=\"https:\/\/historielab.dk\/rigsfaellesskabet\/\">Rigsf\u00e6llesskabet<\/a><\/li>\n\n\n\n<li>Kildebank: <a href=\"https:\/\/historielab.dk\/rundt-om-cyklen\/\">Rundt om cyklen<\/a><\/li>\n\n\n\n<li>Kildebank:<a href=\"https:\/\/historielab.dk\/slaveriet-og-vestindien\/\"> Slaveriet og Vestindien<\/a><\/li>\n<\/ul>\n\n\n\n<p><a href=\"https:\/\/jensaagepoulsen.dk\/\">Forside<\/a><\/p>\n\n\n\n<ul class=\"wp-block-list\">\n<li><a href=\"https:\/\/jensaagepoulsen.dk\/index.php\/artikler\/\">Artikler<\/a><\/li>\n\n\n\n<li><a href=\"https:\/\/jensaagepoulsen.dk\/index.php\/kontakt\/\">Kontakt<\/a><\/li>\n\n\n\n<li><a href=\"https:\/\/jensaagepoulsen.dk\/index.php\/kort-om-jens-aage-poulsen\/\">Kort om Jens Aage Poulsen<\/a><\/li>\n\n\n\n<li><a href=\"https:\/\/jensaagepoulsen.dk\/index.php\/oplaeg-foredrag\/\">Opl\u00e6g \u2013 foredrag<\/a><\/li>\n\n\n\n<li><a href=\"https:\/\/jensaagepoulsen.dk\/index.php\/udgivelser\/\">Udgivelser<\/a><\/li>\n\n\n\n<li><a href=\"https:\/\/jensaagepoulsen.dk\/index.php\/dette-er-en-tilfoejet-side\/\">Undervisningsforl\u00f8b historie<\/a><\/li>\n<\/ul>\n","protected":false},"excerpt":{"rendered":"<p>De fleste forl\u00f8b er udarbejdet sammen med dygtige kolleger fra HistorieLab. Forside<\/p>\n","protected":false},"author":1,"featured_media":0,"parent":0,"menu_order":0,"comment_status":"closed","ping_status":"closed","template":"","meta":{"footnotes":""},"class_list":["post-16","page","type-page","status-publish","hentry"],"_links":{"self":[{"href":"https:\/\/jensaagepoulsen.dk\/index.php\/wp-json\/wp\/v2\/pages\/16","targetHints":{"allow":["GET"]}}],"collection":[{"href":"https:\/\/jensaagepoulsen.dk\/index.php\/wp-json\/wp\/v2\/pages"}],"about":[{"href":"https:\/\/jensaagepoulsen.dk\/index.php\/wp-json\/wp\/v2\/types\/page"}],"author":[{"embeddable":true,"href":"https:\/\/jensaagepoulsen.dk\/index.php\/wp-json\/wp\/v2\/users\/1"}],"replies":[{"embeddable":true,"href":"https:\/\/jensaagepoulsen.dk\/index.php\/wp-json\/wp\/v2\/comments?post=16"}],"version-history":[{"count":7,"href":"https:\/\/jensaagepoulsen.dk\/index.php\/wp-json\/wp\/v2\/pages\/16\/revisions"}],"predecessor-version":[{"id":120,"href":"https:\/\/jensaagepoulsen.dk\/index.php\/wp-json\/wp\/v2\/pages\/16\/revisions\/120"}],"wp:attachment":[{"href":"https:\/\/jensaagepoulsen.dk\/index.php\/wp-json\/wp\/v2\/media?parent=16"}],"curies":[{"name":"wp","href":"https:\/\/api.w.org\/{rel}","templated":true}]}}