{"id":64,"date":"2025-12-20T16:50:36","date_gmt":"2025-12-20T16:50:36","guid":{"rendered":"https:\/\/jensaagepoulsen.dk\/?page_id=64"},"modified":"2026-02-15T10:03:41","modified_gmt":"2026-02-15T10:03:41","slug":"oplaeg-foredrag","status":"publish","type":"page","link":"https:\/\/jensaagepoulsen.dk\/index.php\/oplaeg-foredrag\/","title":{"rendered":"Opl\u00e6g &#8211; foredrag"},"content":{"rendered":"\n<p class=\"has-pale-cyan-blue-background-color has-background has-large-font-size\"><strong><mark style=\"background-color:rgba(0, 0, 0, 0);color:#cf2e2e\" class=\"has-inline-color\">Da europ\u00e6ere var slaver i Nordafrika<\/mark><\/strong><\/p>\n\n\n\n<figure class=\"wp-block-image size-full\"><img loading=\"lazy\" decoding=\"async\" width=\"676\" height=\"450\" src=\"https:\/\/jensaagepoulsen.dk\/wp-content\/uploads\/2025\/12\/SLAVES-IN-ALGIERS-copy.jpg\" alt=\"\" class=\"wp-image-77\" srcset=\"https:\/\/jensaagepoulsen.dk\/wp-content\/uploads\/2025\/12\/SLAVES-IN-ALGIERS-copy.jpg 676w, https:\/\/jensaagepoulsen.dk\/wp-content\/uploads\/2025\/12\/SLAVES-IN-ALGIERS-copy-300x200.jpg 300w\" sizes=\"auto, (max-width: 676px) 100vw, 676px\" \/><\/figure>\n\n\n\n<p>De fleste forbinder prim\u00e6rt slaveri med den transatlantiske slavehandel og de mange afrikanere, der blev gjort til slaver i Caribien og Amerika i 1500-1800-tallet. Men i perioden bortf\u00f8rte nordafrikanske pirater &#8211; is\u00e6r fra Sal\u00e9 og Algier &#8211; mere end \u00e9n million europ\u00e6ere. De fleste blev gjort til slaver, mens fanger fra velhavende familier var s\u00e5 heldige at blive frik\u00f8bt for store summer.<\/p>\n\n\n\n<p>I sommeren 1627 bortf\u00f8rte pirater fra Algier et par hundrede isl\u00e6ndinge &#8211; prim\u00e6rt fra \u00f8en Heimaey.<\/p>\n\n\n\n<p>Foredraget handler om denne ikke s\u00e5 kendte historie &#8211; og om synet p\u00e5 slaveri dengang. Desuden pr\u00e6senterer jeg kort min historiske roman <em>En vej tilbage<\/em>?, der handler om emnet, og som udkommer i for\u00e5ret 2026<\/p>\n\n\n\n<p>Varighed: 2 timer inkl. pause og tid til sp\u00f8rgsm\u00e5l<\/p>\n\n\n\n<p>Pris: 3.000 kr. + transport (lav takst) + 250 kr. pr. time til transport.<\/p>\n\n\n\n<p class=\"has-pale-cyan-blue-background-color has-background has-large-font-size\"><strong><mark style=\"background-color:rgba(0, 0, 0, 0);color:#cf2e2e\" class=\"has-inline-color\">1864 &#8211; Hvad l\u00e6rte eleverne?<\/mark><\/strong><\/p>\n\n\n\n<figure class=\"wp-block-image size-full\"><img loading=\"lazy\" decoding=\"async\" width=\"1000\" height=\"500\" src=\"https:\/\/jensaagepoulsen.dk\/wp-content\/uploads\/2025\/12\/1864-hvad-laerte-eleverne-headerbillede.jpg\" alt=\"\" class=\"wp-image-78\" srcset=\"https:\/\/jensaagepoulsen.dk\/wp-content\/uploads\/2025\/12\/1864-hvad-laerte-eleverne-headerbillede.jpg 1000w, https:\/\/jensaagepoulsen.dk\/wp-content\/uploads\/2025\/12\/1864-hvad-laerte-eleverne-headerbillede-300x150.jpg 300w, https:\/\/jensaagepoulsen.dk\/wp-content\/uploads\/2025\/12\/1864-hvad-laerte-eleverne-headerbillede-768x384.jpg 768w\" sizes=\"auto, (max-width: 1000px) 100vw, 1000px\" \/><\/figure>\n\n\n\n<p>I b\u00e5de dansk og europ\u00e6isk sammenh\u00e6ng h\u00f8rer 1864-krigen til de mindre krige, hvis man alene ser p\u00e5 antallet af egentlige slag og ofre. Men krigen og konsekvenserne af nederlaget fik &#8211; og har stadig &#8211; afg\u00f8rende betydning for Danmark og dansk selvforst\u00e5else. Historien om krigens foruds\u00e6tninger, forl\u00f8b og f\u00f8lger fik stor betydning i historiefagets l\u00e6remidler, som var tillagt en v\u00e6sentlig rolle i nationsopbygningen i sidste halvdel af 1800-tallet.<\/p>\n\n\n\n<p>B\u00e5de i og uden for undervisningen er fort\u00e6llingerne om krigen og is\u00e6r dens \u00e5rsager \u00e6ndret i tidens l\u00f8b. Foredraget handler om, hvorfor og hvordan fort\u00e6llingerne er \u00e6ndret \u2013 og er blevet brugt.<\/p>\n\n\n\n<p>Varighed: 2 timer inkl. pause og tid til sp\u00f8rgsm\u00e5l<\/p>\n\n\n\n<p>Pris: 3.000 kr. + transport (lav takst) + 250 kr. pr. time til transport.<\/p>\n\n\n\n<p><a href=\"https:\/\/jensaagepoulsen.dk\/\">Forside<\/a><\/p>\n\n\n\n<ul class=\"wp-block-list\">\n<li><a href=\"https:\/\/jensaagepoulsen.dk\/index.php\/artikler\/\">Artikler<\/a><\/li>\n\n\n\n<li><a href=\"https:\/\/jensaagepoulsen.dk\/index.php\/kontakt\/\">Kontakt<\/a><\/li>\n\n\n\n<li><a href=\"https:\/\/jensaagepoulsen.dk\/index.php\/kort-om-jens-aage-poulsen\/\">Kort om Jens Aage Poulsen<\/a><\/li>\n\n\n\n<li><a href=\"https:\/\/jensaagepoulsen.dk\/index.php\/oplaeg-foredrag\/\">Opl\u00e6g \u2013 foredrag<\/a><\/li>\n\n\n\n<li><a href=\"https:\/\/jensaagepoulsen.dk\/index.php\/udgivelser\/\">Udgivelser<\/a><\/li>\n\n\n\n<li><a href=\"https:\/\/jensaagepoulsen.dk\/index.php\/dette-er-en-tilfoejet-side\/\">Undervisningsforl\u00f8b historie<\/a><\/li>\n<\/ul>\n","protected":false},"excerpt":{"rendered":"<p>Da europ\u00e6ere var slaver i Nordafrika De fleste forbinder prim\u00e6rt slaveri med den transatlantiske slavehandel og de mange afrikanere, der blev gjort til slaver i Caribien og Amerika i 1500-1800-tallet. Men i perioden bortf\u00f8rte nordafrikanske pirater &#8211; is\u00e6r fra Sal\u00e9 og Algier &#8211; mere end \u00e9n million europ\u00e6ere. De fleste blev gjort til slaver, mens [&hellip;]<\/p>\n","protected":false},"author":1,"featured_media":0,"parent":0,"menu_order":0,"comment_status":"closed","ping_status":"closed","template":"","meta":{"footnotes":""},"class_list":["post-64","page","type-page","status-publish","hentry"],"_links":{"self":[{"href":"https:\/\/jensaagepoulsen.dk\/index.php\/wp-json\/wp\/v2\/pages\/64","targetHints":{"allow":["GET"]}}],"collection":[{"href":"https:\/\/jensaagepoulsen.dk\/index.php\/wp-json\/wp\/v2\/pages"}],"about":[{"href":"https:\/\/jensaagepoulsen.dk\/index.php\/wp-json\/wp\/v2\/types\/page"}],"author":[{"embeddable":true,"href":"https:\/\/jensaagepoulsen.dk\/index.php\/wp-json\/wp\/v2\/users\/1"}],"replies":[{"embeddable":true,"href":"https:\/\/jensaagepoulsen.dk\/index.php\/wp-json\/wp\/v2\/comments?post=64"}],"version-history":[{"count":5,"href":"https:\/\/jensaagepoulsen.dk\/index.php\/wp-json\/wp\/v2\/pages\/64\/revisions"}],"predecessor-version":[{"id":114,"href":"https:\/\/jensaagepoulsen.dk\/index.php\/wp-json\/wp\/v2\/pages\/64\/revisions\/114"}],"wp:attachment":[{"href":"https:\/\/jensaagepoulsen.dk\/index.php\/wp-json\/wp\/v2\/media?parent=64"}],"curies":[{"name":"wp","href":"https:\/\/api.w.org\/{rel}","templated":true}]}}