{"id":8,"date":"2025-12-13T14:43:41","date_gmt":"2025-12-13T14:43:41","guid":{"rendered":"http:\/\/jensaagepoulsen.dk\/?page_id=8"},"modified":"2026-02-15T10:28:29","modified_gmt":"2026-02-15T10:28:29","slug":"artikler","status":"publish","type":"page","link":"https:\/\/jensaagepoulsen.dk\/index.php\/artikler\/","title":{"rendered":"Artikler"},"content":{"rendered":"\n<h1 class=\"wp-block-heading\"><\/h1>\n\n\n\n<p><a href=\"https:\/\/jensaagepoulsen.dk\/\">Forside<\/a><\/p>\n\n\n\n<ul class=\"wp-block-list\">\n<li><a href=\"https:\/\/jensaagepoulsen.dk\/index.php\/artikler\/\">Artikler<\/a><\/li>\n\n\n\n<li><a href=\"https:\/\/jensaagepoulsen.dk\/index.php\/kontakt\/\">Kontakt<\/a><\/li>\n\n\n\n<li><a href=\"https:\/\/jensaagepoulsen.dk\/index.php\/kort-om-jens-aage-poulsen\/\">Kort om Jens Aage Poulsen<\/a><\/li>\n\n\n\n<li><a href=\"https:\/\/jensaagepoulsen.dk\/index.php\/oplaeg-foredrag\/\">Opl\u00e6g \u2013 foredrag<\/a><\/li>\n\n\n\n<li><a href=\"https:\/\/jensaagepoulsen.dk\/index.php\/udgivelser\/\">Udgivelser<\/a><\/li>\n\n\n\n<li><a href=\"https:\/\/jensaagepoulsen.dk\/index.php\/dette-er-en-tilfoejet-side\/\">Undervisningsforl\u00f8b historie<\/a><\/li>\n<\/ul>\n\n\n\n<p>Her er nogle af mine artikler, der er tilg\u00e6ngelig online<\/p>\n\n\n\n<figure class=\"wp-block-image size-large\"><img loading=\"lazy\" decoding=\"async\" width=\"1024\" height=\"389\" src=\"https:\/\/jensaagepoulsen.dk\/wp-content\/uploads\/2025\/12\/article_topimage_1200px-Bayeux_Tapestry_scene51_Battle_of_Hastings_Norman_knights_and_archers-1024x389.jpg\" alt=\"\" class=\"wp-image-23\" srcset=\"https:\/\/jensaagepoulsen.dk\/wp-content\/uploads\/2025\/12\/article_topimage_1200px-Bayeux_Tapestry_scene51_Battle_of_Hastings_Norman_knights_and_archers-1024x389.jpg 1024w, https:\/\/jensaagepoulsen.dk\/wp-content\/uploads\/2025\/12\/article_topimage_1200px-Bayeux_Tapestry_scene51_Battle_of_Hastings_Norman_knights_and_archers-300x114.jpg 300w, https:\/\/jensaagepoulsen.dk\/wp-content\/uploads\/2025\/12\/article_topimage_1200px-Bayeux_Tapestry_scene51_Battle_of_Hastings_Norman_knights_and_archers-768x291.jpg 768w, https:\/\/jensaagepoulsen.dk\/wp-content\/uploads\/2025\/12\/article_topimage_1200px-Bayeux_Tapestry_scene51_Battle_of_Hastings_Norman_knights_and_archers-1536x583.jpg 1536w, https:\/\/jensaagepoulsen.dk\/wp-content\/uploads\/2025\/12\/article_topimage_1200px-Bayeux_Tapestry_scene51_Battle_of_Hastings_Norman_knights_and_archers.jpg 1544w\" sizes=\"auto, (max-width: 1024px) 100vw, 1024px\" \/><\/figure>\n\n\n\n<p>2026:<\/p>\n\n\n\n<ul class=\"wp-block-list\">\n<li><\/li>\n<\/ul>\n\n\n\n<p><\/p>\n\n\n\n<p>2025:<\/p>\n\n\n\n<ul class=\"wp-block-list\">\n<li><a href=\"https:\/\/historielab.dk\/hvad-kommer-natur-og-klima-historieundervisningen-ved\/\">Hvad kommer natur og klima historieundervisningen ved?<\/a><\/li>\n<\/ul>\n\n\n\n<ul class=\"wp-block-list\">\n<li><a href=\"https:\/\/historielab.dk\/om-at-skabe-historie-med-mobiltelefonen\/\">Om at skabe historie med mobiltelefonen<\/a><\/li>\n<\/ul>\n\n\n\n<p><\/p>\n\n\n\n<p>2023:<\/p>\n\n\n\n<ul class=\"wp-block-list\">\n<li><a href=\"https:\/\/historielab.dk\/genstande-laering-for-alle-aldre\/\">Genstande &#8211; l\u00e6ring for alle aldre<\/a><\/li>\n\n\n\n<li><a href=\"https:\/\/historielab.dk\/om-at-vaelge-indhold\/\">Om at v\u00e6lge indhold<\/a><\/li>\n<\/ul>\n\n\n\n<p>2022:<\/p>\n\n\n\n<p><\/p>\n\n\n\n<ul class=\"wp-block-list\">\n<li><a href=\"https:\/\/historielab.dk\/hvad-med-indholdet-i-historieundervisningen\/\">Hvad med indholdet i historieundervisningen?<\/a><\/li>\n<\/ul>\n\n\n\n<p><\/p>\n\n\n\n<p>2021:<\/p>\n\n\n\n<ul class=\"wp-block-list\">\n<li><a href=\"https:\/\/historielab.dk\/hvorfor-et-kerneord-om-at-arbejde-med-aarsager-i-historieundervisningen\/\">&#8220;Hvorfor?&#8221; &#8211; et kerneord i historieundervisningen<\/a><\/li>\n<\/ul>\n\n\n\n<p>2020:<\/p>\n\n\n\n<ul class=\"wp-block-list\">\n<li><a href=\"https:\/\/historielab.dk\/genforeningen-hvad-nu-hvis\/\">Genforeningen &#8211; hvad nu hvis<\/a><\/li>\n\n\n\n<li><a href=\"https:\/\/emu.dk\/grundskole\/historie\/kildearbejde\/i-gang-med-kildearbejde-hvordan\">I gang med kildearbejde<\/a><\/li>\n\n\n\n<li><a href=\"https:\/\/emu.dk\/grundskole\/historie\/kildearbejde\/var-atombomberne-over-japan-en-krigsforbrydelse\">Var atombomberne over Japan en krigsforbrydelse?<\/a><\/li>\n\n\n\n<li><a href=\"https:\/\/emu.dk\/grundskole\/historie\/problemstillinger\/saadan-kan-en-problemstilling-blive-til\">S\u00e5dan kan en historisk problemstilling blive til<\/a><\/li>\n<\/ul>\n\n\n\n<p>2019:<\/p>\n\n\n\n<p>2018:<\/p>\n\n\n\n<ul class=\"wp-block-list\">\n<li><a href=\"https:\/\/doi.org\/10.7146\/rhdt.v1i1.107571\">Hvad kan it g\u00f8re ved historieundervisningen?<\/a><\/li>\n\n\n\n<li><a href=\"https:\/\/doi.org\/10.7146\/rhdt.v1i1.107568\">Historiebrug<\/a><\/li>\n\n\n\n<li><a href=\"https:\/\/doi.org\/10.7146\/rhdt.v5i1.107743\">Historiebrug, monumenter og mindesteder<\/a><\/li>\n\n\n\n<li><a href=\"https:\/\/doi.org\/10.7146\/rhdt.v5i2.111349\">Kan spillefilm bruges som kilder i historieundervisningen?<\/a><\/li>\n\n\n\n<li><a href=\"https:\/\/doi.org\/10.7146\/rhdt.v5i2.111339\">F\u00e6lles M\u00e5l &#8211; nu med st\u00f8rre frihed<\/a><\/li>\n\n\n\n<li><a href=\"https:\/\/doi.org\/10.7146\/rhdt.v5i2.111309\">N\u00e6romr\u00e5det i historieundervisningen &#8211; hvorfor og hvordan<\/a><\/li>\n\n\n\n<li><a href=\"https:\/\/doi.org\/10.7146\/rhdt.v2i1.107589\">Historisk bevidsthed &#8211; t\u00e6nkning og kompetence<\/a>r<\/li>\n\n\n\n<li><a href=\"https:\/\/doi.org\/10.7146\/rhdt.v2i1.107586\">Hvorfor dette indhold i historieundervisningen?<\/a><\/li>\n<\/ul>\n\n\n\n<p>2017:<\/p>\n\n\n\n<ul class=\"wp-block-list\">\n<li><a href=\"https:\/\/doi.org\/10.7146\/rhdt.v4i1.107509\">\u00d8mt\u00e5lelige emner i historieundervisningen<\/a><\/li>\n\n\n\n<li><\/li>\n<\/ul>\n\n\n\n<p>2016:<\/p>\n\n\n\n<p><a href=\"https:\/\/jensaagepoulsen.dk\/wp-content\/uploads\/2025\/12\/abjrnHvad-er-der-sket-med-kanonen-2016-aarg3-1-side15-22.pdf\" data-type=\"attachment\" data-id=\"26\">Hvad er der sket med kanon&#8217;en?<\/a><\/p>\n\n\n\n<ul class=\"wp-block-list\">\n<li><a href=\"https:\/\/doi.org\/10.7146\/rhdt.v3i1.26420\">Har l\u00e6replanerne stadig minimal betydning<\/a><\/li>\n<\/ul>\n\n\n\n<p><a href=\"https:\/\/doi.org\/10.7146\/rhdt.v3i1.26440\">Selvvalgte problemstillinger og kildebank<\/a><\/p>\n\n\n\n<p>2015:<\/p>\n\n\n\n<ul class=\"wp-block-list\">\n<li><a href=\"https:\/\/doi.org\/10.7146\/rhdt.v2i1.107579\">Hvad pokker er historiske scenarier?<\/a><\/li>\n\n\n\n<li><a href=\"https:\/\/doi.org\/10.7146\/rhdt.v2i1.107578\">Forenklede F\u00e6lles M\u00e5l = Mere styring<\/a><\/li>\n\n\n\n<li><a href=\"https:\/\/doi.org\/10.7146\/rhdt.v2i1.107610\">Historie et forsm\u00e5et skolefag<\/a><\/li>\n\n\n\n<li><a href=\"https:\/\/doi.org\/10.7146\/rhdt.v5i2.111354\">K\u00f8n og seksualitet som emne i historieundervisningen<\/a><\/li>\n<\/ul>\n\n\n\n<p>f\u00f8r 2014:<\/p>\n\n\n\n<div class=\"wp-block-file\"><a id=\"wp-block-file--media-8a8d5d6d-6819-46e3-9876-486a317ca3ee\" href=\"https:\/\/jensaagepoulsen.dk\/wp-content\/uploads\/2025\/12\/Historie_under_forandring_h_og_s_okt_2006.doc\">Historie_under_forandring_h_og_s_okt_2006<\/a><a href=\"https:\/\/jensaagepoulsen.dk\/wp-content\/uploads\/2025\/12\/Historie_under_forandring_h_og_s_okt_2006.doc\" class=\"wp-block-file__button wp-element-button\" download aria-describedby=\"wp-block-file--media-8a8d5d6d-6819-46e3-9876-486a317ca3ee\">Download<\/a><\/div>\n\n\n\n<p><\/p>\n","protected":false},"excerpt":{"rendered":"<p>Forside Her er nogle af mine artikler, der er tilg\u00e6ngelig online 2026: 2025: 2023: 2022: 2021: 2020: 2019: 2018: 2017: 2016: Hvad er der sket med kanon&#8217;en? Selvvalgte problemstillinger og kildebank 2015: f\u00f8r 2014:<\/p>\n","protected":false},"author":1,"featured_media":0,"parent":0,"menu_order":0,"comment_status":"closed","ping_status":"closed","template":"","meta":{"footnotes":""},"class_list":["post-8","page","type-page","status-publish","hentry"],"_links":{"self":[{"href":"https:\/\/jensaagepoulsen.dk\/index.php\/wp-json\/wp\/v2\/pages\/8","targetHints":{"allow":["GET"]}}],"collection":[{"href":"https:\/\/jensaagepoulsen.dk\/index.php\/wp-json\/wp\/v2\/pages"}],"about":[{"href":"https:\/\/jensaagepoulsen.dk\/index.php\/wp-json\/wp\/v2\/types\/page"}],"author":[{"embeddable":true,"href":"https:\/\/jensaagepoulsen.dk\/index.php\/wp-json\/wp\/v2\/users\/1"}],"replies":[{"embeddable":true,"href":"https:\/\/jensaagepoulsen.dk\/index.php\/wp-json\/wp\/v2\/comments?post=8"}],"version-history":[{"count":35,"href":"https:\/\/jensaagepoulsen.dk\/index.php\/wp-json\/wp\/v2\/pages\/8\/revisions"}],"predecessor-version":[{"id":106,"href":"https:\/\/jensaagepoulsen.dk\/index.php\/wp-json\/wp\/v2\/pages\/8\/revisions\/106"}],"wp:attachment":[{"href":"https:\/\/jensaagepoulsen.dk\/index.php\/wp-json\/wp\/v2\/media?parent=8"}],"curies":[{"name":"wp","href":"https:\/\/api.w.org\/{rel}","templated":true}]}}