{"id":83,"date":"2025-12-23T19:51:12","date_gmt":"2025-12-23T19:51:12","guid":{"rendered":"https:\/\/jensaagepoulsen.dk\/?page_id=83"},"modified":"2026-04-17T10:32:16","modified_gmt":"2026-04-17T10:32:16","slug":"udgivelser","status":"publish","type":"page","link":"https:\/\/jensaagepoulsen.dk\/index.php\/udgivelser\/","title":{"rendered":"Udgivelser"},"content":{"rendered":"\n<p><a href=\"https:\/\/jensaagepoulsen.dk\/\">Forside<\/a><\/p>\n\n\n\n<ul class=\"wp-block-list\">\n<li><a href=\"https:\/\/jensaagepoulsen.dk\/index.php\/artikler\/\">Artikler<\/a><\/li>\n\n\n\n<li><a href=\"https:\/\/jensaagepoulsen.dk\/index.php\/kontakt\/\">Kontakt<\/a><\/li>\n\n\n\n<li><a href=\"https:\/\/jensaagepoulsen.dk\/index.php\/kort-om-jens-aage-poulsen\/\">Kort om Jens Aage Poulsen<\/a><\/li>\n\n\n\n<li><a href=\"https:\/\/jensaagepoulsen.dk\/index.php\/oplaeg-foredrag\/\">Opl\u00e6g \u2013 foredrag<\/a><\/li>\n\n\n\n<li><a href=\"https:\/\/jensaagepoulsen.dk\/index.php\/udgivelser\/\">Udgivelser<\/a><\/li>\n\n\n\n<li><a href=\"https:\/\/jensaagepoulsen.dk\/index.php\/dette-er-en-tilfoejet-side\/\">Undervisningsforl\u00f8b historie<\/a><\/li>\n<\/ul>\n\n\n\n<h2 class=\"wp-block-heading\">Nyheder: En vej tilbage <\/h2>\n\n\n\n<figure class=\"wp-block-image size-full\"><img loading=\"lazy\" decoding=\"async\" width=\"300\" height=\"462\" src=\"https:\/\/jensaagepoulsen.dk\/wp-content\/uploads\/2026\/04\/en-vej-tilbage-lille.jpg\" alt=\"\" class=\"wp-image-127\" srcset=\"https:\/\/jensaagepoulsen.dk\/wp-content\/uploads\/2026\/04\/en-vej-tilbage-lille.jpg 300w, https:\/\/jensaagepoulsen.dk\/wp-content\/uploads\/2026\/04\/en-vej-tilbage-lille-195x300.jpg 195w\" sizes=\"auto, (max-width: 300px) 100vw, 300px\" \/><\/figure>\n\n\n\n<p>De fleste kender historien om den transatlantiske slavehandel, hvor 10\u201312 millioner afrikanere fra 1500-tallet til omkring 1800 blev gjort til slaver og sendt til Caribien og Amerika. F\u00e6rre ved, at nordafrikanske pirater i samme periode bortf\u00f8rte over \u00e9n million europ\u00e6ere, som endte som slaver i de s\u00e5kaldte Barbareskstater langs Nordafrikas kyst.<\/p>\n\n\n\n<p>Blandt dem var 250 mennesker fra den islandske \u00f8 Heimaey. En julidag i 1627 blev de brutalt bortf\u00f8rt og f\u00f8rt til Algier, hvor de blev solgt p\u00e5 slavemarkeder. Kun nogle f\u00e5 lykkedes det for \u2013 efter mange \u00e5rs fangenskab \u2013 at blive frik\u00f8bt og vende hjem.<\/p>\n\n\n\n<p>Denne dramatiske og ofte oversete historie har inspireret mig til at skrive den historiske roman <em>En vej tilbage<\/em>. If\u00f8lge l\u00e6sere af manuskriptet er det en gribende fort\u00e6lling om overlevelse, tro, lidenskab, venskab og forr\u00e6deri.<\/p>\n\n\n\n<p>Romanen er p\u00e5 354 sider, udkommer den 7. maj 2026 og kan allerede nu forudbestilles til en favorabel pris hos boghandlerne. <\/p>\n\n\n\n<p><a href=\"https:\/\/jensaagepoulsen.dk\/wp-content\/uploads\/2026\/04\/Laeseproeve-3-kapitler-En-vej-tilbage.pdf\" data-type=\"link\" data-id=\"https:\/\/jensaagepoulsen.dk\/wp-content\/uploads\/2026\/04\/Laeseproeve-3-kapitler-En-vej-tilbage.pdf\">L\u00e6sepr\u00f8ve<\/a><\/p>\n\n\n\n<p><\/p>\n\n\n\n<figure class=\"wp-block-image size-full is-resized\"><img loading=\"lazy\" decoding=\"async\" width=\"420\" height=\"592\" src=\"https:\/\/jensaagepoulsen.dk\/wp-content\/uploads\/2026\/02\/lille-kina.jpg\" alt=\"\" class=\"wp-image-116\" style=\"width:272px;height:auto\" srcset=\"https:\/\/jensaagepoulsen.dk\/wp-content\/uploads\/2026\/02\/lille-kina.jpg 420w, https:\/\/jensaagepoulsen.dk\/wp-content\/uploads\/2026\/02\/lille-kina-213x300.jpg 213w\" sizes=\"auto, (max-width: 420px) 100vw, 420px\" \/><\/figure>\n\n\n\n<p>Kina &#8211; fascinerende og farlig er en temabog til historieundervisningen i 7.-9. klasse, udgivet i Gyldendals serie <a href=\"https:\/\/aftryk.gyldendal.dk\/\">Aftryk<\/a>.<\/p>\n\n\n\n<figure class=\"wp-block-image size-large is-resized\"><img loading=\"lazy\" decoding=\"async\" width=\"1024\" height=\"614\" src=\"https:\/\/jensaagepoulsen.dk\/wp-content\/uploads\/2025\/12\/forloeb-uden-for-nummer-1024x614.jpg\" alt=\"\" class=\"wp-image-84\" style=\"aspect-ratio:1.667779632721202;object-fit:cover;width:300px\" srcset=\"https:\/\/jensaagepoulsen.dk\/wp-content\/uploads\/2025\/12\/forloeb-uden-for-nummer-1024x614.jpg 1024w, https:\/\/jensaagepoulsen.dk\/wp-content\/uploads\/2025\/12\/forloeb-uden-for-nummer-300x180.jpg 300w, https:\/\/jensaagepoulsen.dk\/wp-content\/uploads\/2025\/12\/forloeb-uden-for-nummer-768x460.jpg 768w, https:\/\/jensaagepoulsen.dk\/wp-content\/uploads\/2025\/12\/forloeb-uden-for-nummer.jpg 1240w\" sizes=\"auto, (max-width: 1024px) 100vw, 1024px\" \/><figcaption class=\"wp-element-caption\"><a href=\"https:\/\/historie3-6.gyldendal.dk\/forloeb\/uden-for-nummer\">&#8220;<strong>Uden for nummer<\/strong>&#8220;<\/a> er et anderledes forl\u00f8b om fem us\u00e6dvanlige kvinder fra danmarkshistorien, som er udgivet p\u00e5 Gyldendals historieportal. Det henvender sig til 5. &#8211; 6. klasse.<\/figcaption><\/figure>\n\n\n\n<p><\/p>\n\n\n\n<h3 class=\"wp-block-heading\">Tidligere udgivelser<\/h3>\n\n\n\n<p><a href=\"https:\/\/danskforfatterforening.dk\/31-jens-aage-poulsen\/\">Se Dansk Forfatterforening<\/a><\/p>\n\n\n\n<p><\/p>\n","protected":false},"excerpt":{"rendered":"<p>Forside Nyheder: En vej tilbage De fleste kender historien om den transatlantiske slavehandel, hvor 10\u201312 millioner afrikanere fra 1500-tallet til omkring 1800 blev gjort til slaver og sendt til Caribien og Amerika. F\u00e6rre ved, at nordafrikanske pirater i samme periode bortf\u00f8rte over \u00e9n million europ\u00e6ere, som endte som slaver i de s\u00e5kaldte Barbareskstater langs Nordafrikas [&hellip;]<\/p>\n","protected":false},"author":1,"featured_media":0,"parent":0,"menu_order":0,"comment_status":"closed","ping_status":"closed","template":"","meta":{"footnotes":""},"class_list":["post-83","page","type-page","status-publish","hentry"],"_links":{"self":[{"href":"https:\/\/jensaagepoulsen.dk\/index.php\/wp-json\/wp\/v2\/pages\/83","targetHints":{"allow":["GET"]}}],"collection":[{"href":"https:\/\/jensaagepoulsen.dk\/index.php\/wp-json\/wp\/v2\/pages"}],"about":[{"href":"https:\/\/jensaagepoulsen.dk\/index.php\/wp-json\/wp\/v2\/types\/page"}],"author":[{"embeddable":true,"href":"https:\/\/jensaagepoulsen.dk\/index.php\/wp-json\/wp\/v2\/users\/1"}],"replies":[{"embeddable":true,"href":"https:\/\/jensaagepoulsen.dk\/index.php\/wp-json\/wp\/v2\/comments?post=83"}],"version-history":[{"count":10,"href":"https:\/\/jensaagepoulsen.dk\/index.php\/wp-json\/wp\/v2\/pages\/83\/revisions"}],"predecessor-version":[{"id":134,"href":"https:\/\/jensaagepoulsen.dk\/index.php\/wp-json\/wp\/v2\/pages\/83\/revisions\/134"}],"wp:attachment":[{"href":"https:\/\/jensaagepoulsen.dk\/index.php\/wp-json\/wp\/v2\/media?parent=83"}],"curies":[{"name":"wp","href":"https:\/\/api.w.org\/{rel}","templated":true}]}}