{"id":94,"date":"2026-02-15T09:11:09","date_gmt":"2026-02-15T09:11:09","guid":{"rendered":"https:\/\/jensaagepoulsen.dk\/?page_id=94"},"modified":"2026-02-15T09:59:02","modified_gmt":"2026-02-15T09:59:02","slug":"kort-om-jens-aage-poulsen","status":"publish","type":"page","link":"https:\/\/jensaagepoulsen.dk\/index.php\/kort-om-jens-aage-poulsen\/","title":{"rendered":"Kort om Jens Aage Poulsen"},"content":{"rendered":"\n<p>Her er ikke private informationer &#8211; udover at v\u00e6re f\u00f8dt i 1953, har boet sammen med og er gift med den samme s\u00f8de og tolerante kvinde siden 1973, har fire voksne b\u00f8rn, syv b\u00f8rneb\u00f8rn og to oldeb\u00f8rn.<\/p>\n\n\n\n<p>Uddannelsesm\u00e6ssigt blev jeg folkeskolel\u00e6rer i 1976, f\u00e6rdiggjorde den p\u00e6dagogiske kandidatuddannelse i historie i 1987 og en masteruddannelse i it og l\u00e6ring i 2004.<\/p>\n\n\n\n<p>Fra 1976 til 1992 var jeg folkeskolel\u00e6rer i Viborg Kommune p\u00e5 Overlund Skole. Fra 1992 til 2014 var jeg ansat p\u00e5 Jelling Seminarium\/l\u00e6reruddannelsen i Jelling, hvor jeg underviste i linjefaget historie. <\/p>\n\n\n\n<p>I 2014 blev jeg lektor ved <a href=\"https:\/\/historielab.dk\">Historielab<\/a>, hvor jeg arbejder med forsknings-, udviklings- og formidlingsopgaver is\u00e6r i forbindelse med historiefaget i grundskolen \u2013 herunder med udvikling af l\u00e6remidler og didaktiske materialer. Dette arbejde er jeg fortsat med siden 2023, hvor jeg blev lektor emeritus ved Historielab \u2013 dog kun med en indsats p\u00e5 400 timer om \u00e5ret.<\/p>\n\n\n\n<p>Jeg er optaget af historie og samfundsforhold, og den interesse har v\u00e6ret afsat for mit <a href=\"https:\/\/danskforfatterforening.dk\/31-jens-aage-poulsen\/\" data-type=\"link\" data-id=\"https:\/\/danskforfatterforening.dk\/31-jens-aage-poulsen\/\">forfatterskab<\/a>. I 1986 udkom min f\u00f8rste bog &#8220;Terror &#8211; en bog om terrorisme i Europa&#8221;. Siden har jeg udarbejdet en r\u00e6kke analoge og digitale l\u00e6remidler til historieundervisningen og b\u00f8ger og artikler om historiedidaktik. Desuden har jeg skrevet flere b\u00f8rne- og ungdomsromaner.<\/p>\n\n\n\n<p><a href=\"https:\/\/jensaagepoulsen.dk\/\">Forside<\/a><\/p>\n\n\n\n<ul class=\"wp-block-list\">\n<li><a href=\"https:\/\/jensaagepoulsen.dk\/index.php\/artikler\/\">Artikler<\/a><\/li>\n\n\n\n<li><a href=\"https:\/\/jensaagepoulsen.dk\/index.php\/kontakt\/\">Kontakt<\/a><\/li>\n\n\n\n<li><a href=\"https:\/\/jensaagepoulsen.dk\/index.php\/kort-om-jens-aage-poulsen\/\">Kort om Jens Aage Poulsen<\/a><\/li>\n\n\n\n<li><a href=\"https:\/\/jensaagepoulsen.dk\/index.php\/oplaeg-foredrag\/\">Opl\u00e6g \u2013 foredrag<\/a><\/li>\n\n\n\n<li><a href=\"https:\/\/jensaagepoulsen.dk\/index.php\/udgivelser\/\">Udgivelser<\/a><\/li>\n\n\n\n<li><a href=\"https:\/\/jensaagepoulsen.dk\/index.php\/dette-er-en-tilfoejet-side\/\">Undervisningsforl\u00f8b historie<\/a><\/li>\n<\/ul>\n","protected":false},"excerpt":{"rendered":"<p>Her er ikke private informationer &#8211; udover at v\u00e6re f\u00f8dt i 1953, har boet sammen med og er gift med den samme s\u00f8de og tolerante kvinde siden 1973, har fire voksne b\u00f8rn, syv b\u00f8rneb\u00f8rn og to oldeb\u00f8rn. Uddannelsesm\u00e6ssigt blev jeg folkeskolel\u00e6rer i 1976, f\u00e6rdiggjorde den p\u00e6dagogiske kandidatuddannelse i historie i 1987 og en masteruddannelse i [&hellip;]<\/p>\n","protected":false},"author":1,"featured_media":0,"parent":0,"menu_order":0,"comment_status":"closed","ping_status":"closed","template":"","meta":{"footnotes":""},"class_list":["post-94","page","type-page","status-publish","hentry"],"_links":{"self":[{"href":"https:\/\/jensaagepoulsen.dk\/index.php\/wp-json\/wp\/v2\/pages\/94","targetHints":{"allow":["GET"]}}],"collection":[{"href":"https:\/\/jensaagepoulsen.dk\/index.php\/wp-json\/wp\/v2\/pages"}],"about":[{"href":"https:\/\/jensaagepoulsen.dk\/index.php\/wp-json\/wp\/v2\/types\/page"}],"author":[{"embeddable":true,"href":"https:\/\/jensaagepoulsen.dk\/index.php\/wp-json\/wp\/v2\/users\/1"}],"replies":[{"embeddable":true,"href":"https:\/\/jensaagepoulsen.dk\/index.php\/wp-json\/wp\/v2\/comments?post=94"}],"version-history":[{"count":3,"href":"https:\/\/jensaagepoulsen.dk\/index.php\/wp-json\/wp\/v2\/pages\/94\/revisions"}],"predecessor-version":[{"id":110,"href":"https:\/\/jensaagepoulsen.dk\/index.php\/wp-json\/wp\/v2\/pages\/94\/revisions\/110"}],"wp:attachment":[{"href":"https:\/\/jensaagepoulsen.dk\/index.php\/wp-json\/wp\/v2\/media?parent=94"}],"curies":[{"name":"wp","href":"https:\/\/api.w.org\/{rel}","templated":true}]}}